{"id":6001,"date":"2024-07-19T08:48:24","date_gmt":"2024-07-19T07:48:24","guid":{"rendered":"https:\/\/rex-kralj.com\/kolekcija\/sq\/"},"modified":"2024-07-19T08:48:24","modified_gmt":"2024-07-19T07:48:24","slug":"sq","status":"publish","type":"page","link":"https:\/\/rex-kralj.com\/sl\/kolekcija\/sq\/","title":{"rendered":"SQ"},"content":{"rendered":"\n<p>Dru\u017einski program SQ je sodoben, funkcionalen in iz\u010di\u0161\u010den. Preprosta, zra\u010dna oblika omogo\u010da dovolj prostora pod mizo in daje vitkim mizam miren, nevsiljiv videz. Izdelki so razli\u010dnih vi\u0161in in dopolnjujejo vsak prostor.<\/p>\n","protected":false},"excerpt":{"rendered":"<p>Dru\u017einski program SQ je sodoben, funkcionalen in iz\u010di\u0161\u010den. Preprosta, zra\u010dna oblika omogo\u010da dovolj prostora pod mizo in daje vitkim mizam miren, nevsiljiv videz. Izdelki so razli\u010dnih vi\u0161in in dopolnjujejo vsak prostor.<\/p>\n","protected":false},"author":1,"featured_media":4699,"parent":5985,"menu_order":0,"comment_status":"closed","ping_status":"closed","template":"template-collection.php","meta":{"_acf_changed":false,"footnotes":""},"class_list":["post-6001","page","type-page","status-publish","has-post-thumbnail","hentry"],"acf":[],"yoast_head":"<!-- This site is optimized with the Yoast SEO plugin v27.4 - https:\/\/yoast.com\/product\/yoast-seo-wordpress\/ -->\n<title>SQ - Rex Kralj<\/title>\n<meta name=\"description\" content=\"Dru\u017einski program SQ je sodoben, funkcionalen in iz\u010di\u0161\u010den. Preprosta, zra\u010dna oblika omogo\u010da dovolj prostora pod mizo in daje vitkim mizam miren, nevsiljiv videz.\" \/>\n<meta name=\"robots\" content=\"index, follow, max-snippet:-1, max-image-preview:large, max-video-preview:-1\" \/>\n<link rel=\"canonical\" href=\"https:\/\/rex-kralj.com\/sl\/kolekcija\/sq\/\" \/>\n<meta property=\"og:locale\" content=\"sl_SI\" \/>\n<meta property=\"og:type\" content=\"article\" \/>\n<meta property=\"og:title\" content=\"SQ - Rex Kralj\" \/>\n<meta property=\"og:description\" content=\"Dru\u017einski program SQ je sodoben, funkcionalen in iz\u010di\u0161\u010den. Preprosta, zra\u010dna oblika omogo\u010da dovolj prostora pod mizo in daje vitkim mizam miren, nevsiljiv videz.\" \/>\n<meta property=\"og:url\" content=\"https:\/\/rex-kralj.com\/sl\/kolekcija\/sq\/\" \/>\n<meta property=\"og:site_name\" content=\"Rex Kralj\" \/>\n<meta property=\"article:publisher\" content=\"https:\/\/www.facebook.com\/rexkralj\/\" \/>\n<meta property=\"og:image\" content=\"https:\/\/rex-kralj.com\/wp-content\/uploads\/2020\/06\/SQ-spread.jpg\" \/>\n\t<meta property=\"og:image:width\" content=\"1920\" \/>\n\t<meta property=\"og:image:height\" content=\"1080\" \/>\n\t<meta property=\"og:image:type\" content=\"image\/jpeg\" \/>\n<meta name=\"twitter:card\" content=\"summary_large_image\" \/>\n<script type=\"application\/ld+json\" class=\"yoast-schema-graph\">{\"@context\":\"https:\\\/\\\/schema.org\",\"@graph\":[{\"@type\":\"WebPage\",\"@id\":\"https:\\\/\\\/rex-kralj.com\\\/sl\\\/kolekcija\\\/sq\\\/\",\"url\":\"https:\\\/\\\/rex-kralj.com\\\/sl\\\/kolekcija\\\/sq\\\/\",\"name\":\"SQ - Rex Kralj\",\"isPartOf\":{\"@id\":\"https:\\\/\\\/rex-kralj.com\\\/#website\"},\"primaryImageOfPage\":{\"@id\":\"https:\\\/\\\/rex-kralj.com\\\/sl\\\/kolekcija\\\/sq\\\/#primaryimage\"},\"image\":{\"@id\":\"https:\\\/\\\/rex-kralj.com\\\/sl\\\/kolekcija\\\/sq\\\/#primaryimage\"},\"thumbnailUrl\":\"https:\\\/\\\/rex-kralj.com\\\/wp-content\\\/uploads\\\/2020\\\/06\\\/SQ-spread.jpg\",\"datePublished\":\"2024-07-19T07:48:24+00:00\",\"description\":\"Dru\u017einski program SQ je sodoben, funkcionalen in iz\u010di\u0161\u010den. Preprosta, zra\u010dna oblika omogo\u010da dovolj prostora pod mizo in daje vitkim mizam miren, nevsiljiv videz.\",\"breadcrumb\":{\"@id\":\"https:\\\/\\\/rex-kralj.com\\\/sl\\\/kolekcija\\\/sq\\\/#breadcrumb\"},\"inLanguage\":\"sl-SI\",\"potentialAction\":[{\"@type\":\"ReadAction\",\"target\":[\"https:\\\/\\\/rex-kralj.com\\\/sl\\\/kolekcija\\\/sq\\\/\"]}]},{\"@type\":\"ImageObject\",\"inLanguage\":\"sl-SI\",\"@id\":\"https:\\\/\\\/rex-kralj.com\\\/sl\\\/kolekcija\\\/sq\\\/#primaryimage\",\"url\":\"https:\\\/\\\/rex-kralj.com\\\/wp-content\\\/uploads\\\/2020\\\/06\\\/SQ-spread.jpg\",\"contentUrl\":\"https:\\\/\\\/rex-kralj.com\\\/wp-content\\\/uploads\\\/2020\\\/06\\\/SQ-spread.jpg\",\"width\":1920,\"height\":1080},{\"@type\":\"BreadcrumbList\",\"@id\":\"https:\\\/\\\/rex-kralj.com\\\/sl\\\/kolekcija\\\/sq\\\/#breadcrumb\",\"itemListElement\":[{\"@type\":\"ListItem\",\"position\":1,\"name\":\"Home\",\"item\":\"https:\\\/\\\/rex-kralj.com\\\/sl\\\/\"},{\"@type\":\"ListItem\",\"position\":2,\"name\":\"Kolekcija\",\"item\":\"https:\\\/\\\/rex-kralj.com\\\/collection\\\/\"},{\"@type\":\"ListItem\",\"position\":3,\"name\":\"SQ\"}]},{\"@type\":\"WebSite\",\"@id\":\"https:\\\/\\\/rex-kralj.com\\\/#website\",\"url\":\"https:\\\/\\\/rex-kralj.com\\\/\",\"name\":\"Rex Kralj\",\"description\":\"Design That Serves People\",\"potentialAction\":[{\"@type\":\"SearchAction\",\"target\":{\"@type\":\"EntryPoint\",\"urlTemplate\":\"https:\\\/\\\/rex-kralj.com\\\/?s={search_term_string}\"},\"query-input\":{\"@type\":\"PropertyValueSpecification\",\"valueRequired\":true,\"valueName\":\"search_term_string\"}}],\"inLanguage\":\"sl-SI\"}]}<\/script>\n<!-- \/ Yoast SEO plugin. -->","yoast_head_json":{"title":"SQ - Rex Kralj","description":"Dru\u017einski program SQ je sodoben, funkcionalen in iz\u010di\u0161\u010den. Preprosta, zra\u010dna oblika omogo\u010da dovolj prostora pod mizo in daje vitkim mizam miren, nevsiljiv videz.","robots":{"index":"index","follow":"follow","max-snippet":"max-snippet:-1","max-image-preview":"max-image-preview:large","max-video-preview":"max-video-preview:-1"},"canonical":"https:\/\/rex-kralj.com\/sl\/kolekcija\/sq\/","og_locale":"sl_SI","og_type":"article","og_title":"SQ - Rex Kralj","og_description":"Dru\u017einski program SQ je sodoben, funkcionalen in iz\u010di\u0161\u010den. Preprosta, zra\u010dna oblika omogo\u010da dovolj prostora pod mizo in daje vitkim mizam miren, nevsiljiv videz.","og_url":"https:\/\/rex-kralj.com\/sl\/kolekcija\/sq\/","og_site_name":"Rex Kralj","article_publisher":"https:\/\/www.facebook.com\/rexkralj\/","og_image":[{"width":1920,"height":1080,"url":"https:\/\/rex-kralj.com\/wp-content\/uploads\/2020\/06\/SQ-spread.jpg","type":"image\/jpeg"}],"twitter_card":"summary_large_image","schema":{"@context":"https:\/\/schema.org","@graph":[{"@type":"WebPage","@id":"https:\/\/rex-kralj.com\/sl\/kolekcija\/sq\/","url":"https:\/\/rex-kralj.com\/sl\/kolekcija\/sq\/","name":"SQ - Rex Kralj","isPartOf":{"@id":"https:\/\/rex-kralj.com\/#website"},"primaryImageOfPage":{"@id":"https:\/\/rex-kralj.com\/sl\/kolekcija\/sq\/#primaryimage"},"image":{"@id":"https:\/\/rex-kralj.com\/sl\/kolekcija\/sq\/#primaryimage"},"thumbnailUrl":"https:\/\/rex-kralj.com\/wp-content\/uploads\/2020\/06\/SQ-spread.jpg","datePublished":"2024-07-19T07:48:24+00:00","description":"Dru\u017einski program SQ je sodoben, funkcionalen in iz\u010di\u0161\u010den. Preprosta, zra\u010dna oblika omogo\u010da dovolj prostora pod mizo in daje vitkim mizam miren, nevsiljiv videz.","breadcrumb":{"@id":"https:\/\/rex-kralj.com\/sl\/kolekcija\/sq\/#breadcrumb"},"inLanguage":"sl-SI","potentialAction":[{"@type":"ReadAction","target":["https:\/\/rex-kralj.com\/sl\/kolekcija\/sq\/"]}]},{"@type":"ImageObject","inLanguage":"sl-SI","@id":"https:\/\/rex-kralj.com\/sl\/kolekcija\/sq\/#primaryimage","url":"https:\/\/rex-kralj.com\/wp-content\/uploads\/2020\/06\/SQ-spread.jpg","contentUrl":"https:\/\/rex-kralj.com\/wp-content\/uploads\/2020\/06\/SQ-spread.jpg","width":1920,"height":1080},{"@type":"BreadcrumbList","@id":"https:\/\/rex-kralj.com\/sl\/kolekcija\/sq\/#breadcrumb","itemListElement":[{"@type":"ListItem","position":1,"name":"Home","item":"https:\/\/rex-kralj.com\/sl\/"},{"@type":"ListItem","position":2,"name":"Kolekcija","item":"https:\/\/rex-kralj.com\/collection\/"},{"@type":"ListItem","position":3,"name":"SQ"}]},{"@type":"WebSite","@id":"https:\/\/rex-kralj.com\/#website","url":"https:\/\/rex-kralj.com\/","name":"Rex Kralj","description":"Design That Serves People","potentialAction":[{"@type":"SearchAction","target":{"@type":"EntryPoint","urlTemplate":"https:\/\/rex-kralj.com\/?s={search_term_string}"},"query-input":{"@type":"PropertyValueSpecification","valueRequired":true,"valueName":"search_term_string"}}],"inLanguage":"sl-SI"}]}},"_links":{"self":[{"href":"https:\/\/rex-kralj.com\/sl\/wp-json\/wp\/v2\/pages\/6001","targetHints":{"allow":["GET"]}}],"collection":[{"href":"https:\/\/rex-kralj.com\/sl\/wp-json\/wp\/v2\/pages"}],"about":[{"href":"https:\/\/rex-kralj.com\/sl\/wp-json\/wp\/v2\/types\/page"}],"author":[{"embeddable":true,"href":"https:\/\/rex-kralj.com\/sl\/wp-json\/wp\/v2\/users\/1"}],"replies":[{"embeddable":true,"href":"https:\/\/rex-kralj.com\/sl\/wp-json\/wp\/v2\/comments?post=6001"}],"version-history":[{"count":1,"href":"https:\/\/rex-kralj.com\/sl\/wp-json\/wp\/v2\/pages\/6001\/revisions"}],"predecessor-version":[{"id":6002,"href":"https:\/\/rex-kralj.com\/sl\/wp-json\/wp\/v2\/pages\/6001\/revisions\/6002"}],"up":[{"embeddable":true,"href":"https:\/\/rex-kralj.com\/sl\/wp-json\/wp\/v2\/pages\/5985"}],"wp:featuredmedia":[{"embeddable":true,"href":"https:\/\/rex-kralj.com\/sl\/wp-json\/wp\/v2\/media\/4699"}],"wp:attachment":[{"href":"https:\/\/rex-kralj.com\/sl\/wp-json\/wp\/v2\/media?parent=6001"}],"curies":[{"name":"wp","href":"https:\/\/api.w.org\/{rel}","templated":true}]}}