{"id":5997,"date":"2024-07-19T08:45:59","date_gmt":"2024-07-19T07:45:59","guid":{"rendered":"https:\/\/rex-kralj.com\/kolekcija\/rex\/"},"modified":"2024-07-19T08:45:59","modified_gmt":"2024-07-19T07:45:59","slug":"rex","status":"publish","type":"page","link":"https:\/\/rex-kralj.com\/sl\/kolekcija\/rex\/","title":{"rendered":"Rex"},"content":{"rendered":"\n<p>Zgodba o stolu Rex se je za\u010dela v petdesetih letih prej\u0161njega stoletja z zlo\u017eljivim stolom Rex. Njegovo oblikovanje povezuje inovativnost, funkcionalnost in lepoto. Niku Kralju je uspelo razviti najudobnej\u0161i stol te vrste, saj je raz\u0161iril meje upognjene vezane plo\u0161\u010de in zmanj\u0161al uporabo materialov, pri tem pa ohranil poudarek na estetiki. Tako je nastala nepogre\u0161ljiva serija pohi\u0161tva, ki je prestala preizkus \u010dasa: kolekcija Rex.<\/p>\n","protected":false},"excerpt":{"rendered":"<p>Zgodba o stolu Rex se je za\u010dela v petdesetih letih prej\u0161njega stoletja z zlo\u017eljivim stolom Rex. Njegovo oblikovanje povezuje inovativnost, funkcionalnost in lepoto. Niku Kralju je uspelo razviti najudobnej\u0161i stol te vrste, saj je raz\u0161iril meje upognjene vezane plo\u0161\u010de in zmanj\u0161al uporabo materialov, pri tem pa ohranil poudarek na estetiki. Tako je nastala nepogre\u0161ljiva serija [&hellip;]<\/p>\n","protected":false},"author":3,"featured_media":4700,"parent":5985,"menu_order":0,"comment_status":"closed","ping_status":"closed","template":"template-collection.php","meta":{"_acf_changed":false,"footnotes":""},"class_list":["post-5997","page","type-page","status-publish","has-post-thumbnail","hentry"],"acf":[],"yoast_head":"<!-- This site is optimized with the Yoast SEO plugin v27.5 - https:\/\/yoast.com\/product\/yoast-seo-wordpress\/ -->\n<title>Rex - Rex Kralj<\/title>\n<meta name=\"description\" content=\"Zgodba o stolu Rex se je za\u010dela v petdesetih letih prej\u0161njega stoletja z zlo\u017eljivim stolom Rex. Njegovo oblikovanje povezuje inovativnost, funkcionalnost in lepoto.\" \/>\n<meta name=\"robots\" content=\"index, follow, max-snippet:-1, max-image-preview:large, max-video-preview:-1\" \/>\n<link rel=\"canonical\" href=\"https:\/\/rex-kralj.com\/sl\/kolekcija\/rex\/\" \/>\n<meta property=\"og:locale\" content=\"sl_SI\" \/>\n<meta property=\"og:type\" content=\"article\" \/>\n<meta property=\"og:title\" content=\"Rex - Rex Kralj\" \/>\n<meta property=\"og:description\" content=\"Zgodba o stolu Rex se je za\u010dela v petdesetih letih prej\u0161njega stoletja z zlo\u017eljivim stolom Rex. Njegovo oblikovanje povezuje inovativnost, funkcionalnost in lepoto.\" \/>\n<meta property=\"og:url\" content=\"https:\/\/rex-kralj.com\/sl\/kolekcija\/rex\/\" \/>\n<meta property=\"og:site_name\" content=\"Rex Kralj\" \/>\n<meta property=\"article:publisher\" content=\"https:\/\/www.facebook.com\/rexkralj\/\" \/>\n<meta property=\"og:image\" content=\"https:\/\/rex-kralj.com\/wp-content\/uploads\/2020\/06\/rex-spread.jpg\" \/>\n\t<meta property=\"og:image:width\" content=\"1920\" \/>\n\t<meta property=\"og:image:height\" content=\"1080\" \/>\n\t<meta property=\"og:image:type\" content=\"image\/jpeg\" \/>\n<meta name=\"twitter:card\" content=\"summary_large_image\" \/>\n<script type=\"application\/ld+json\" class=\"yoast-schema-graph\">{\"@context\":\"https:\\\/\\\/schema.org\",\"@graph\":[{\"@type\":\"WebPage\",\"@id\":\"https:\\\/\\\/rex-kralj.com\\\/sl\\\/kolekcija\\\/rex\\\/\",\"url\":\"https:\\\/\\\/rex-kralj.com\\\/sl\\\/kolekcija\\\/rex\\\/\",\"name\":\"Rex - Rex Kralj\",\"isPartOf\":{\"@id\":\"https:\\\/\\\/rex-kralj.com\\\/#website\"},\"primaryImageOfPage\":{\"@id\":\"https:\\\/\\\/rex-kralj.com\\\/sl\\\/kolekcija\\\/rex\\\/#primaryimage\"},\"image\":{\"@id\":\"https:\\\/\\\/rex-kralj.com\\\/sl\\\/kolekcija\\\/rex\\\/#primaryimage\"},\"thumbnailUrl\":\"https:\\\/\\\/rex-kralj.com\\\/wp-content\\\/uploads\\\/2020\\\/06\\\/rex-spread.jpg\",\"datePublished\":\"2024-07-19T07:45:59+00:00\",\"description\":\"Zgodba o stolu Rex se je za\u010dela v petdesetih letih prej\u0161njega stoletja z zlo\u017eljivim stolom Rex. Njegovo oblikovanje povezuje inovativnost, funkcionalnost in lepoto.\",\"breadcrumb\":{\"@id\":\"https:\\\/\\\/rex-kralj.com\\\/sl\\\/kolekcija\\\/rex\\\/#breadcrumb\"},\"inLanguage\":\"sl-SI\",\"potentialAction\":[{\"@type\":\"ReadAction\",\"target\":[\"https:\\\/\\\/rex-kralj.com\\\/sl\\\/kolekcija\\\/rex\\\/\"]}]},{\"@type\":\"ImageObject\",\"inLanguage\":\"sl-SI\",\"@id\":\"https:\\\/\\\/rex-kralj.com\\\/sl\\\/kolekcija\\\/rex\\\/#primaryimage\",\"url\":\"https:\\\/\\\/rex-kralj.com\\\/wp-content\\\/uploads\\\/2020\\\/06\\\/rex-spread.jpg\",\"contentUrl\":\"https:\\\/\\\/rex-kralj.com\\\/wp-content\\\/uploads\\\/2020\\\/06\\\/rex-spread.jpg\",\"width\":1920,\"height\":1080},{\"@type\":\"BreadcrumbList\",\"@id\":\"https:\\\/\\\/rex-kralj.com\\\/sl\\\/kolekcija\\\/rex\\\/#breadcrumb\",\"itemListElement\":[{\"@type\":\"ListItem\",\"position\":1,\"name\":\"Home\",\"item\":\"https:\\\/\\\/rex-kralj.com\\\/sl\\\/\"},{\"@type\":\"ListItem\",\"position\":2,\"name\":\"Kolekcija\",\"item\":\"https:\\\/\\\/rex-kralj.com\\\/collection\\\/\"},{\"@type\":\"ListItem\",\"position\":3,\"name\":\"Rex\"}]},{\"@type\":\"WebSite\",\"@id\":\"https:\\\/\\\/rex-kralj.com\\\/#website\",\"url\":\"https:\\\/\\\/rex-kralj.com\\\/\",\"name\":\"Rex Kralj\",\"description\":\"Design That Serves People\",\"potentialAction\":[{\"@type\":\"SearchAction\",\"target\":{\"@type\":\"EntryPoint\",\"urlTemplate\":\"https:\\\/\\\/rex-kralj.com\\\/?s={search_term_string}\"},\"query-input\":{\"@type\":\"PropertyValueSpecification\",\"valueRequired\":true,\"valueName\":\"search_term_string\"}}],\"inLanguage\":\"sl-SI\"}]}<\/script>\n<!-- \/ Yoast SEO plugin. -->","yoast_head_json":{"title":"Rex - Rex Kralj","description":"Zgodba o stolu Rex se je za\u010dela v petdesetih letih prej\u0161njega stoletja z zlo\u017eljivim stolom Rex. Njegovo oblikovanje povezuje inovativnost, funkcionalnost in lepoto.","robots":{"index":"index","follow":"follow","max-snippet":"max-snippet:-1","max-image-preview":"max-image-preview:large","max-video-preview":"max-video-preview:-1"},"canonical":"https:\/\/rex-kralj.com\/sl\/kolekcija\/rex\/","og_locale":"sl_SI","og_type":"article","og_title":"Rex - Rex Kralj","og_description":"Zgodba o stolu Rex se je za\u010dela v petdesetih letih prej\u0161njega stoletja z zlo\u017eljivim stolom Rex. Njegovo oblikovanje povezuje inovativnost, funkcionalnost in lepoto.","og_url":"https:\/\/rex-kralj.com\/sl\/kolekcija\/rex\/","og_site_name":"Rex Kralj","article_publisher":"https:\/\/www.facebook.com\/rexkralj\/","og_image":[{"width":1920,"height":1080,"url":"https:\/\/rex-kralj.com\/wp-content\/uploads\/2020\/06\/rex-spread.jpg","type":"image\/jpeg"}],"twitter_card":"summary_large_image","schema":{"@context":"https:\/\/schema.org","@graph":[{"@type":"WebPage","@id":"https:\/\/rex-kralj.com\/sl\/kolekcija\/rex\/","url":"https:\/\/rex-kralj.com\/sl\/kolekcija\/rex\/","name":"Rex - Rex Kralj","isPartOf":{"@id":"https:\/\/rex-kralj.com\/#website"},"primaryImageOfPage":{"@id":"https:\/\/rex-kralj.com\/sl\/kolekcija\/rex\/#primaryimage"},"image":{"@id":"https:\/\/rex-kralj.com\/sl\/kolekcija\/rex\/#primaryimage"},"thumbnailUrl":"https:\/\/rex-kralj.com\/wp-content\/uploads\/2020\/06\/rex-spread.jpg","datePublished":"2024-07-19T07:45:59+00:00","description":"Zgodba o stolu Rex se je za\u010dela v petdesetih letih prej\u0161njega stoletja z zlo\u017eljivim stolom Rex. Njegovo oblikovanje povezuje inovativnost, funkcionalnost in lepoto.","breadcrumb":{"@id":"https:\/\/rex-kralj.com\/sl\/kolekcija\/rex\/#breadcrumb"},"inLanguage":"sl-SI","potentialAction":[{"@type":"ReadAction","target":["https:\/\/rex-kralj.com\/sl\/kolekcija\/rex\/"]}]},{"@type":"ImageObject","inLanguage":"sl-SI","@id":"https:\/\/rex-kralj.com\/sl\/kolekcija\/rex\/#primaryimage","url":"https:\/\/rex-kralj.com\/wp-content\/uploads\/2020\/06\/rex-spread.jpg","contentUrl":"https:\/\/rex-kralj.com\/wp-content\/uploads\/2020\/06\/rex-spread.jpg","width":1920,"height":1080},{"@type":"BreadcrumbList","@id":"https:\/\/rex-kralj.com\/sl\/kolekcija\/rex\/#breadcrumb","itemListElement":[{"@type":"ListItem","position":1,"name":"Home","item":"https:\/\/rex-kralj.com\/sl\/"},{"@type":"ListItem","position":2,"name":"Kolekcija","item":"https:\/\/rex-kralj.com\/collection\/"},{"@type":"ListItem","position":3,"name":"Rex"}]},{"@type":"WebSite","@id":"https:\/\/rex-kralj.com\/#website","url":"https:\/\/rex-kralj.com\/","name":"Rex Kralj","description":"Design That Serves People","potentialAction":[{"@type":"SearchAction","target":{"@type":"EntryPoint","urlTemplate":"https:\/\/rex-kralj.com\/?s={search_term_string}"},"query-input":{"@type":"PropertyValueSpecification","valueRequired":true,"valueName":"search_term_string"}}],"inLanguage":"sl-SI"}]}},"_links":{"self":[{"href":"https:\/\/rex-kralj.com\/sl\/wp-json\/wp\/v2\/pages\/5997","targetHints":{"allow":["GET"]}}],"collection":[{"href":"https:\/\/rex-kralj.com\/sl\/wp-json\/wp\/v2\/pages"}],"about":[{"href":"https:\/\/rex-kralj.com\/sl\/wp-json\/wp\/v2\/types\/page"}],"author":[{"embeddable":true,"href":"https:\/\/rex-kralj.com\/sl\/wp-json\/wp\/v2\/users\/3"}],"replies":[{"embeddable":true,"href":"https:\/\/rex-kralj.com\/sl\/wp-json\/wp\/v2\/comments?post=5997"}],"version-history":[{"count":1,"href":"https:\/\/rex-kralj.com\/sl\/wp-json\/wp\/v2\/pages\/5997\/revisions"}],"predecessor-version":[{"id":5998,"href":"https:\/\/rex-kralj.com\/sl\/wp-json\/wp\/v2\/pages\/5997\/revisions\/5998"}],"up":[{"embeddable":true,"href":"https:\/\/rex-kralj.com\/sl\/wp-json\/wp\/v2\/pages\/5985"}],"wp:featuredmedia":[{"embeddable":true,"href":"https:\/\/rex-kralj.com\/sl\/wp-json\/wp\/v2\/media\/4700"}],"wp:attachment":[{"href":"https:\/\/rex-kralj.com\/sl\/wp-json\/wp\/v2\/media?parent=5997"}],"curies":[{"name":"wp","href":"https:\/\/api.w.org\/{rel}","templated":true}]}}