{"id":5990,"date":"2024-07-18T12:21:17","date_gmt":"2024-07-18T11:21:17","guid":{"rendered":"https:\/\/rex-kralj.com\/kolekcija\/ena\/"},"modified":"2024-07-18T12:21:17","modified_gmt":"2024-07-18T11:21:17","slug":"ena","status":"publish","type":"page","link":"https:\/\/rex-kralj.com\/sl\/kolekcija\/ena\/","title":{"rendered":"Ena"},"content":{"rendered":"\n<h4 class=\"wp-block-heading\">\u010ciste preproste linije in funkcionalnost dolo\u010dajo izdelek Ena, ki je resni\u010dni zgled oblikovanja, ki slu\u017ei.<\/h4>\n\n<p>Mikal Harssen je po navdihu pristnih vrednot humanisti\u010dnega oblikovanja ustvaril serijo miz za podjetje Rex Kralj.<\/p>\n\n<p>Ena je osrednja mizica na eni nogi v ve\u010d velikostih s posre\u010deno dodatno funkcijo pod namizno plo\u0161\u010do: vodoravno palico za obe\u0161anje osebnih stvari. Miza Ena je primerna za uporabo v zaprtih prostorih in na prostem. S svojo velikostjo in namizno plo\u0161\u010do po meri je idealna miza za vsak projekt.<\/p>\n","protected":false},"excerpt":{"rendered":"<p>\u010ciste preproste linije in funkcionalnost dolo\u010dajo izdelek Ena, ki je resni\u010dni zgled oblikovanja, ki slu\u017ei. Mikal Harssen je po navdihu pristnih vrednot humanisti\u010dnega oblikovanja ustvaril serijo miz za podjetje Rex Kralj. Ena je osrednja mizica na eni nogi v ve\u010d velikostih s posre\u010deno dodatno funkcijo pod namizno plo\u0161\u010do: vodoravno palico za obe\u0161anje osebnih stvari. Miza [&hellip;]<\/p>\n","protected":false},"author":1,"featured_media":4719,"parent":5985,"menu_order":0,"comment_status":"closed","ping_status":"closed","template":"template-collection.php","meta":{"_acf_changed":false,"footnotes":""},"class_list":["post-5990","page","type-page","status-publish","has-post-thumbnail","hentry"],"acf":[],"yoast_head":"<!-- This site is optimized with the Yoast SEO plugin v27.4 - https:\/\/yoast.com\/product\/yoast-seo-wordpress\/ -->\n<title>Ena - Rex Kralj<\/title>\n<meta name=\"description\" content=\"\u010ciste preproste linije in funkcionalnost dolo\u010dajo izdelek Ena, ki je resni\u010dni zgled oblikovanja, ki slu\u017ei.\" \/>\n<meta name=\"robots\" content=\"index, follow, max-snippet:-1, max-image-preview:large, max-video-preview:-1\" \/>\n<link rel=\"canonical\" href=\"https:\/\/rex-kralj.com\/sl\/kolekcija\/ena\/\" \/>\n<meta property=\"og:locale\" content=\"sl_SI\" \/>\n<meta property=\"og:type\" content=\"article\" \/>\n<meta property=\"og:title\" content=\"Ena - Rex Kralj\" \/>\n<meta property=\"og:description\" content=\"\u010ciste preproste linije in funkcionalnost dolo\u010dajo izdelek Ena, ki je resni\u010dni zgled oblikovanja, ki slu\u017ei.\" \/>\n<meta property=\"og:url\" content=\"https:\/\/rex-kralj.com\/sl\/kolekcija\/ena\/\" \/>\n<meta property=\"og:site_name\" content=\"Rex Kralj\" \/>\n<meta property=\"article:publisher\" content=\"https:\/\/www.facebook.com\/rexkralj\/\" \/>\n<meta property=\"og:image\" content=\"https:\/\/rex-kralj.com\/wp-content\/uploads\/2020\/06\/Ena-spread.jpg\" \/>\n\t<meta property=\"og:image:width\" content=\"1920\" \/>\n\t<meta property=\"og:image:height\" content=\"1080\" \/>\n\t<meta property=\"og:image:type\" content=\"image\/jpeg\" \/>\n<meta name=\"twitter:card\" content=\"summary_large_image\" \/>\n<script type=\"application\/ld+json\" class=\"yoast-schema-graph\">{\"@context\":\"https:\\\/\\\/schema.org\",\"@graph\":[{\"@type\":\"WebPage\",\"@id\":\"https:\\\/\\\/rex-kralj.com\\\/sl\\\/kolekcija\\\/ena\\\/\",\"url\":\"https:\\\/\\\/rex-kralj.com\\\/sl\\\/kolekcija\\\/ena\\\/\",\"name\":\"Ena - Rex Kralj\",\"isPartOf\":{\"@id\":\"https:\\\/\\\/rex-kralj.com\\\/#website\"},\"primaryImageOfPage\":{\"@id\":\"https:\\\/\\\/rex-kralj.com\\\/sl\\\/kolekcija\\\/ena\\\/#primaryimage\"},\"image\":{\"@id\":\"https:\\\/\\\/rex-kralj.com\\\/sl\\\/kolekcija\\\/ena\\\/#primaryimage\"},\"thumbnailUrl\":\"https:\\\/\\\/rex-kralj.com\\\/wp-content\\\/uploads\\\/2020\\\/06\\\/Ena-spread.jpg\",\"datePublished\":\"2024-07-18T11:21:17+00:00\",\"description\":\"\u010ciste preproste linije in funkcionalnost dolo\u010dajo izdelek Ena, ki je resni\u010dni zgled oblikovanja, ki slu\u017ei.\",\"breadcrumb\":{\"@id\":\"https:\\\/\\\/rex-kralj.com\\\/sl\\\/kolekcija\\\/ena\\\/#breadcrumb\"},\"inLanguage\":\"sl-SI\",\"potentialAction\":[{\"@type\":\"ReadAction\",\"target\":[\"https:\\\/\\\/rex-kralj.com\\\/sl\\\/kolekcija\\\/ena\\\/\"]}]},{\"@type\":\"ImageObject\",\"inLanguage\":\"sl-SI\",\"@id\":\"https:\\\/\\\/rex-kralj.com\\\/sl\\\/kolekcija\\\/ena\\\/#primaryimage\",\"url\":\"https:\\\/\\\/rex-kralj.com\\\/wp-content\\\/uploads\\\/2020\\\/06\\\/Ena-spread.jpg\",\"contentUrl\":\"https:\\\/\\\/rex-kralj.com\\\/wp-content\\\/uploads\\\/2020\\\/06\\\/Ena-spread.jpg\",\"width\":1920,\"height\":1080},{\"@type\":\"BreadcrumbList\",\"@id\":\"https:\\\/\\\/rex-kralj.com\\\/sl\\\/kolekcija\\\/ena\\\/#breadcrumb\",\"itemListElement\":[{\"@type\":\"ListItem\",\"position\":1,\"name\":\"Home\",\"item\":\"https:\\\/\\\/rex-kralj.com\\\/sl\\\/\"},{\"@type\":\"ListItem\",\"position\":2,\"name\":\"Kolekcija\",\"item\":\"https:\\\/\\\/rex-kralj.com\\\/collection\\\/\"},{\"@type\":\"ListItem\",\"position\":3,\"name\":\"Ena\"}]},{\"@type\":\"WebSite\",\"@id\":\"https:\\\/\\\/rex-kralj.com\\\/#website\",\"url\":\"https:\\\/\\\/rex-kralj.com\\\/\",\"name\":\"Rex Kralj\",\"description\":\"Design That Serves People\",\"potentialAction\":[{\"@type\":\"SearchAction\",\"target\":{\"@type\":\"EntryPoint\",\"urlTemplate\":\"https:\\\/\\\/rex-kralj.com\\\/?s={search_term_string}\"},\"query-input\":{\"@type\":\"PropertyValueSpecification\",\"valueRequired\":true,\"valueName\":\"search_term_string\"}}],\"inLanguage\":\"sl-SI\"}]}<\/script>\n<!-- \/ Yoast SEO plugin. -->","yoast_head_json":{"title":"Ena - Rex Kralj","description":"\u010ciste preproste linije in funkcionalnost dolo\u010dajo izdelek Ena, ki je resni\u010dni zgled oblikovanja, ki slu\u017ei.","robots":{"index":"index","follow":"follow","max-snippet":"max-snippet:-1","max-image-preview":"max-image-preview:large","max-video-preview":"max-video-preview:-1"},"canonical":"https:\/\/rex-kralj.com\/sl\/kolekcija\/ena\/","og_locale":"sl_SI","og_type":"article","og_title":"Ena - Rex Kralj","og_description":"\u010ciste preproste linije in funkcionalnost dolo\u010dajo izdelek Ena, ki je resni\u010dni zgled oblikovanja, ki slu\u017ei.","og_url":"https:\/\/rex-kralj.com\/sl\/kolekcija\/ena\/","og_site_name":"Rex Kralj","article_publisher":"https:\/\/www.facebook.com\/rexkralj\/","og_image":[{"width":1920,"height":1080,"url":"https:\/\/rex-kralj.com\/wp-content\/uploads\/2020\/06\/Ena-spread.jpg","type":"image\/jpeg"}],"twitter_card":"summary_large_image","schema":{"@context":"https:\/\/schema.org","@graph":[{"@type":"WebPage","@id":"https:\/\/rex-kralj.com\/sl\/kolekcija\/ena\/","url":"https:\/\/rex-kralj.com\/sl\/kolekcija\/ena\/","name":"Ena - Rex Kralj","isPartOf":{"@id":"https:\/\/rex-kralj.com\/#website"},"primaryImageOfPage":{"@id":"https:\/\/rex-kralj.com\/sl\/kolekcija\/ena\/#primaryimage"},"image":{"@id":"https:\/\/rex-kralj.com\/sl\/kolekcija\/ena\/#primaryimage"},"thumbnailUrl":"https:\/\/rex-kralj.com\/wp-content\/uploads\/2020\/06\/Ena-spread.jpg","datePublished":"2024-07-18T11:21:17+00:00","description":"\u010ciste preproste linije in funkcionalnost dolo\u010dajo izdelek Ena, ki je resni\u010dni zgled oblikovanja, ki slu\u017ei.","breadcrumb":{"@id":"https:\/\/rex-kralj.com\/sl\/kolekcija\/ena\/#breadcrumb"},"inLanguage":"sl-SI","potentialAction":[{"@type":"ReadAction","target":["https:\/\/rex-kralj.com\/sl\/kolekcija\/ena\/"]}]},{"@type":"ImageObject","inLanguage":"sl-SI","@id":"https:\/\/rex-kralj.com\/sl\/kolekcija\/ena\/#primaryimage","url":"https:\/\/rex-kralj.com\/wp-content\/uploads\/2020\/06\/Ena-spread.jpg","contentUrl":"https:\/\/rex-kralj.com\/wp-content\/uploads\/2020\/06\/Ena-spread.jpg","width":1920,"height":1080},{"@type":"BreadcrumbList","@id":"https:\/\/rex-kralj.com\/sl\/kolekcija\/ena\/#breadcrumb","itemListElement":[{"@type":"ListItem","position":1,"name":"Home","item":"https:\/\/rex-kralj.com\/sl\/"},{"@type":"ListItem","position":2,"name":"Kolekcija","item":"https:\/\/rex-kralj.com\/collection\/"},{"@type":"ListItem","position":3,"name":"Ena"}]},{"@type":"WebSite","@id":"https:\/\/rex-kralj.com\/#website","url":"https:\/\/rex-kralj.com\/","name":"Rex Kralj","description":"Design That Serves People","potentialAction":[{"@type":"SearchAction","target":{"@type":"EntryPoint","urlTemplate":"https:\/\/rex-kralj.com\/?s={search_term_string}"},"query-input":{"@type":"PropertyValueSpecification","valueRequired":true,"valueName":"search_term_string"}}],"inLanguage":"sl-SI"}]}},"_links":{"self":[{"href":"https:\/\/rex-kralj.com\/sl\/wp-json\/wp\/v2\/pages\/5990","targetHints":{"allow":["GET"]}}],"collection":[{"href":"https:\/\/rex-kralj.com\/sl\/wp-json\/wp\/v2\/pages"}],"about":[{"href":"https:\/\/rex-kralj.com\/sl\/wp-json\/wp\/v2\/types\/page"}],"author":[{"embeddable":true,"href":"https:\/\/rex-kralj.com\/sl\/wp-json\/wp\/v2\/users\/1"}],"replies":[{"embeddable":true,"href":"https:\/\/rex-kralj.com\/sl\/wp-json\/wp\/v2\/comments?post=5990"}],"version-history":[{"count":1,"href":"https:\/\/rex-kralj.com\/sl\/wp-json\/wp\/v2\/pages\/5990\/revisions"}],"predecessor-version":[{"id":5991,"href":"https:\/\/rex-kralj.com\/sl\/wp-json\/wp\/v2\/pages\/5990\/revisions\/5991"}],"up":[{"embeddable":true,"href":"https:\/\/rex-kralj.com\/sl\/wp-json\/wp\/v2\/pages\/5985"}],"wp:featuredmedia":[{"embeddable":true,"href":"https:\/\/rex-kralj.com\/sl\/wp-json\/wp\/v2\/media\/4719"}],"wp:attachment":[{"href":"https:\/\/rex-kralj.com\/sl\/wp-json\/wp\/v2\/media?parent=5990"}],"curies":[{"name":"wp","href":"https:\/\/api.w.org\/{rel}","templated":true}]}}