{"id":5988,"date":"2024-07-18T12:20:24","date_gmt":"2024-07-18T11:20:24","guid":{"rendered":"https:\/\/rex-kralj.com\/kolekcija\/cc\/"},"modified":"2024-07-18T12:20:24","modified_gmt":"2024-07-18T11:20:24","slug":"cc","status":"publish","type":"page","link":"https:\/\/rex-kralj.com\/sl\/kolekcija\/cc\/","title":{"rendered":"CC"},"content":{"rendered":"\n<p>Konstrukcija mize (noge in njihova povezava s plo\u0161\u010do na vrhu) je v marsi\u010dem povezana z arhitekturo. Toda namizne plo\u0161\u010de pogosto skrivajo lepoto, ki se skriva pod njimi. Dru\u017eina Cross Connection (CC) ponuja edinstven pogled na to pogosto nevidno obmo\u010dje, saj noge lo\u010duje od dvignjene namizne plo\u0161\u010de. Samostojni izdelki, ki jih lahko ob\u010dudujete in v njih u\u017eivate.<\/p>\n\n<p><\/p>\n","protected":false},"excerpt":{"rendered":"<p>Konstrukcija mize (noge in njihova povezava s plo\u0161\u010do na vrhu) je v marsi\u010dem povezana z arhitekturo. Toda namizne plo\u0161\u010de pogosto skrivajo lepoto, ki se skriva pod njimi. Dru\u017eina Cross Connection (CC) ponuja edinstven pogled na to pogosto nevidno obmo\u010dje, saj noge lo\u010duje od dvignjene namizne plo\u0161\u010de. Samostojni izdelki, ki jih lahko ob\u010dudujete in v njih [&hellip;]<\/p>\n","protected":false},"author":1,"featured_media":4726,"parent":5985,"menu_order":0,"comment_status":"closed","ping_status":"closed","template":"template-collection.php","meta":{"_acf_changed":false,"footnotes":""},"class_list":["post-5988","page","type-page","status-publish","has-post-thumbnail","hentry"],"acf":[],"yoast_head":"<!-- This site is optimized with the Yoast SEO plugin v27.4 - https:\/\/yoast.com\/product\/yoast-seo-wordpress\/ -->\n<title>CC - Rex Kralj<\/title>\n<meta name=\"description\" content=\"Dru\u017eina Cross Connection (CC) ponuja edinstven pogled na to pogosto nevidno obmo\u010dje, saj noge lo\u010duje od dvignjene namizne plo\u0161\u010de.\" \/>\n<meta name=\"robots\" content=\"index, follow, max-snippet:-1, max-image-preview:large, max-video-preview:-1\" \/>\n<link rel=\"canonical\" href=\"https:\/\/rex-kralj.com\/sl\/kolekcija\/cc\/\" \/>\n<meta property=\"og:locale\" content=\"sl_SI\" \/>\n<meta property=\"og:type\" content=\"article\" \/>\n<meta property=\"og:title\" content=\"CC - Rex Kralj\" \/>\n<meta property=\"og:description\" content=\"Dru\u017eina Cross Connection (CC) ponuja edinstven pogled na to pogosto nevidno obmo\u010dje, saj noge lo\u010duje od dvignjene namizne plo\u0161\u010de.\" \/>\n<meta property=\"og:url\" content=\"https:\/\/rex-kralj.com\/sl\/kolekcija\/cc\/\" \/>\n<meta property=\"og:site_name\" content=\"Rex Kralj\" \/>\n<meta property=\"article:publisher\" content=\"https:\/\/www.facebook.com\/rexkralj\/\" \/>\n<meta property=\"og:image\" content=\"https:\/\/rex-kralj.com\/wp-content\/uploads\/2020\/06\/CC-spread.jpg\" \/>\n\t<meta property=\"og:image:width\" content=\"1920\" \/>\n\t<meta property=\"og:image:height\" content=\"1080\" \/>\n\t<meta property=\"og:image:type\" content=\"image\/jpeg\" \/>\n<meta name=\"twitter:card\" content=\"summary_large_image\" \/>\n<script type=\"application\/ld+json\" class=\"yoast-schema-graph\">{\"@context\":\"https:\\\/\\\/schema.org\",\"@graph\":[{\"@type\":\"WebPage\",\"@id\":\"https:\\\/\\\/rex-kralj.com\\\/sl\\\/kolekcija\\\/cc\\\/\",\"url\":\"https:\\\/\\\/rex-kralj.com\\\/sl\\\/kolekcija\\\/cc\\\/\",\"name\":\"CC - Rex Kralj\",\"isPartOf\":{\"@id\":\"https:\\\/\\\/rex-kralj.com\\\/#website\"},\"primaryImageOfPage\":{\"@id\":\"https:\\\/\\\/rex-kralj.com\\\/sl\\\/kolekcija\\\/cc\\\/#primaryimage\"},\"image\":{\"@id\":\"https:\\\/\\\/rex-kralj.com\\\/sl\\\/kolekcija\\\/cc\\\/#primaryimage\"},\"thumbnailUrl\":\"https:\\\/\\\/rex-kralj.com\\\/wp-content\\\/uploads\\\/2020\\\/06\\\/CC-spread.jpg\",\"datePublished\":\"2024-07-18T11:20:24+00:00\",\"description\":\"Dru\u017eina Cross Connection (CC) ponuja edinstven pogled na to pogosto nevidno obmo\u010dje, saj noge lo\u010duje od dvignjene namizne plo\u0161\u010de.\",\"breadcrumb\":{\"@id\":\"https:\\\/\\\/rex-kralj.com\\\/sl\\\/kolekcija\\\/cc\\\/#breadcrumb\"},\"inLanguage\":\"sl-SI\",\"potentialAction\":[{\"@type\":\"ReadAction\",\"target\":[\"https:\\\/\\\/rex-kralj.com\\\/sl\\\/kolekcija\\\/cc\\\/\"]}]},{\"@type\":\"ImageObject\",\"inLanguage\":\"sl-SI\",\"@id\":\"https:\\\/\\\/rex-kralj.com\\\/sl\\\/kolekcija\\\/cc\\\/#primaryimage\",\"url\":\"https:\\\/\\\/rex-kralj.com\\\/wp-content\\\/uploads\\\/2020\\\/06\\\/CC-spread.jpg\",\"contentUrl\":\"https:\\\/\\\/rex-kralj.com\\\/wp-content\\\/uploads\\\/2020\\\/06\\\/CC-spread.jpg\",\"width\":1920,\"height\":1080},{\"@type\":\"BreadcrumbList\",\"@id\":\"https:\\\/\\\/rex-kralj.com\\\/sl\\\/kolekcija\\\/cc\\\/#breadcrumb\",\"itemListElement\":[{\"@type\":\"ListItem\",\"position\":1,\"name\":\"Home\",\"item\":\"https:\\\/\\\/rex-kralj.com\\\/sl\\\/\"},{\"@type\":\"ListItem\",\"position\":2,\"name\":\"Kolekcija\",\"item\":\"https:\\\/\\\/rex-kralj.com\\\/collection\\\/\"},{\"@type\":\"ListItem\",\"position\":3,\"name\":\"CC\"}]},{\"@type\":\"WebSite\",\"@id\":\"https:\\\/\\\/rex-kralj.com\\\/#website\",\"url\":\"https:\\\/\\\/rex-kralj.com\\\/\",\"name\":\"Rex Kralj\",\"description\":\"Design That Serves People\",\"potentialAction\":[{\"@type\":\"SearchAction\",\"target\":{\"@type\":\"EntryPoint\",\"urlTemplate\":\"https:\\\/\\\/rex-kralj.com\\\/?s={search_term_string}\"},\"query-input\":{\"@type\":\"PropertyValueSpecification\",\"valueRequired\":true,\"valueName\":\"search_term_string\"}}],\"inLanguage\":\"sl-SI\"}]}<\/script>\n<!-- \/ Yoast SEO plugin. -->","yoast_head_json":{"title":"CC - Rex Kralj","description":"Dru\u017eina Cross Connection (CC) ponuja edinstven pogled na to pogosto nevidno obmo\u010dje, saj noge lo\u010duje od dvignjene namizne plo\u0161\u010de.","robots":{"index":"index","follow":"follow","max-snippet":"max-snippet:-1","max-image-preview":"max-image-preview:large","max-video-preview":"max-video-preview:-1"},"canonical":"https:\/\/rex-kralj.com\/sl\/kolekcija\/cc\/","og_locale":"sl_SI","og_type":"article","og_title":"CC - Rex Kralj","og_description":"Dru\u017eina Cross Connection (CC) ponuja edinstven pogled na to pogosto nevidno obmo\u010dje, saj noge lo\u010duje od dvignjene namizne plo\u0161\u010de.","og_url":"https:\/\/rex-kralj.com\/sl\/kolekcija\/cc\/","og_site_name":"Rex Kralj","article_publisher":"https:\/\/www.facebook.com\/rexkralj\/","og_image":[{"width":1920,"height":1080,"url":"https:\/\/rex-kralj.com\/wp-content\/uploads\/2020\/06\/CC-spread.jpg","type":"image\/jpeg"}],"twitter_card":"summary_large_image","schema":{"@context":"https:\/\/schema.org","@graph":[{"@type":"WebPage","@id":"https:\/\/rex-kralj.com\/sl\/kolekcija\/cc\/","url":"https:\/\/rex-kralj.com\/sl\/kolekcija\/cc\/","name":"CC - Rex Kralj","isPartOf":{"@id":"https:\/\/rex-kralj.com\/#website"},"primaryImageOfPage":{"@id":"https:\/\/rex-kralj.com\/sl\/kolekcija\/cc\/#primaryimage"},"image":{"@id":"https:\/\/rex-kralj.com\/sl\/kolekcija\/cc\/#primaryimage"},"thumbnailUrl":"https:\/\/rex-kralj.com\/wp-content\/uploads\/2020\/06\/CC-spread.jpg","datePublished":"2024-07-18T11:20:24+00:00","description":"Dru\u017eina Cross Connection (CC) ponuja edinstven pogled na to pogosto nevidno obmo\u010dje, saj noge lo\u010duje od dvignjene namizne plo\u0161\u010de.","breadcrumb":{"@id":"https:\/\/rex-kralj.com\/sl\/kolekcija\/cc\/#breadcrumb"},"inLanguage":"sl-SI","potentialAction":[{"@type":"ReadAction","target":["https:\/\/rex-kralj.com\/sl\/kolekcija\/cc\/"]}]},{"@type":"ImageObject","inLanguage":"sl-SI","@id":"https:\/\/rex-kralj.com\/sl\/kolekcija\/cc\/#primaryimage","url":"https:\/\/rex-kralj.com\/wp-content\/uploads\/2020\/06\/CC-spread.jpg","contentUrl":"https:\/\/rex-kralj.com\/wp-content\/uploads\/2020\/06\/CC-spread.jpg","width":1920,"height":1080},{"@type":"BreadcrumbList","@id":"https:\/\/rex-kralj.com\/sl\/kolekcija\/cc\/#breadcrumb","itemListElement":[{"@type":"ListItem","position":1,"name":"Home","item":"https:\/\/rex-kralj.com\/sl\/"},{"@type":"ListItem","position":2,"name":"Kolekcija","item":"https:\/\/rex-kralj.com\/collection\/"},{"@type":"ListItem","position":3,"name":"CC"}]},{"@type":"WebSite","@id":"https:\/\/rex-kralj.com\/#website","url":"https:\/\/rex-kralj.com\/","name":"Rex Kralj","description":"Design That Serves People","potentialAction":[{"@type":"SearchAction","target":{"@type":"EntryPoint","urlTemplate":"https:\/\/rex-kralj.com\/?s={search_term_string}"},"query-input":{"@type":"PropertyValueSpecification","valueRequired":true,"valueName":"search_term_string"}}],"inLanguage":"sl-SI"}]}},"_links":{"self":[{"href":"https:\/\/rex-kralj.com\/sl\/wp-json\/wp\/v2\/pages\/5988","targetHints":{"allow":["GET"]}}],"collection":[{"href":"https:\/\/rex-kralj.com\/sl\/wp-json\/wp\/v2\/pages"}],"about":[{"href":"https:\/\/rex-kralj.com\/sl\/wp-json\/wp\/v2\/types\/page"}],"author":[{"embeddable":true,"href":"https:\/\/rex-kralj.com\/sl\/wp-json\/wp\/v2\/users\/1"}],"replies":[{"embeddable":true,"href":"https:\/\/rex-kralj.com\/sl\/wp-json\/wp\/v2\/comments?post=5988"}],"version-history":[{"count":1,"href":"https:\/\/rex-kralj.com\/sl\/wp-json\/wp\/v2\/pages\/5988\/revisions"}],"predecessor-version":[{"id":5989,"href":"https:\/\/rex-kralj.com\/sl\/wp-json\/wp\/v2\/pages\/5988\/revisions\/5989"}],"up":[{"embeddable":true,"href":"https:\/\/rex-kralj.com\/sl\/wp-json\/wp\/v2\/pages\/5985"}],"wp:featuredmedia":[{"embeddable":true,"href":"https:\/\/rex-kralj.com\/sl\/wp-json\/wp\/v2\/media\/4726"}],"wp:attachment":[{"href":"https:\/\/rex-kralj.com\/sl\/wp-json\/wp\/v2\/media?parent=5988"}],"curies":[{"name":"wp","href":"https:\/\/api.w.org\/{rel}","templated":true}]}}