{"id":5986,"date":"2024-07-18T12:19:28","date_gmt":"2024-07-18T11:19:28","guid":{"rendered":"https:\/\/rex-kralj.com\/kolekcija\/4455-2\/"},"modified":"2024-07-18T12:19:28","modified_gmt":"2024-07-18T11:19:28","slug":"4455-2","status":"publish","type":"page","link":"https:\/\/rex-kralj.com\/sl\/kolekcija\/4455-2\/","title":{"rendered":"4455"},"content":{"rendered":"\n<h4 class=\"wp-block-heading\">4455 iz leta 1955 je edinstvena oblikovalska izjava Nika Kralja, ki je bila dale\u010d pred svojim \u010dasom.<\/h4>\n\n<p>Elegantno naslonjalo, izdelano iz enega samega kosa upognjenega masivnega lesa, \u0161e danes pomeni velik izziv oblikovalcem lesa. Mo\u010dan in trpe\u017een, prefinjen in brez\u010dasen.<\/p>\n","protected":false},"excerpt":{"rendered":"<p>4455 iz leta 1955 je edinstvena oblikovalska izjava Nika Kralja, ki je bila dale\u010d pred svojim \u010dasom. Elegantno naslonjalo, izdelano iz enega samega kosa upognjenega masivnega lesa, \u0161e danes pomeni velik izziv oblikovalcem lesa. Mo\u010dan in trpe\u017een, prefinjen in brez\u010dasen.<\/p>\n","protected":false},"author":1,"featured_media":4728,"parent":5985,"menu_order":0,"comment_status":"closed","ping_status":"closed","template":"template-collection.php","meta":{"_acf_changed":false,"footnotes":""},"class_list":["post-5986","page","type-page","status-publish","has-post-thumbnail","hentry"],"acf":[],"yoast_head":"<!-- This site is optimized with the Yoast SEO plugin v27.5 - https:\/\/yoast.com\/product\/yoast-seo-wordpress\/ -->\n<title>4455 - Rex Kralj<\/title>\n<meta name=\"description\" content=\"4455 iz leta 1955 je edinstvena oblikovalska izjava Nika Kralja, ki je bila dale\u010d pred svojim \u010dasom.\" \/>\n<meta name=\"robots\" content=\"index, follow, max-snippet:-1, max-image-preview:large, max-video-preview:-1\" \/>\n<link rel=\"canonical\" href=\"https:\/\/rex-kralj.com\/sl\/kolekcija\/4455-2\/\" \/>\n<meta property=\"og:locale\" content=\"sl_SI\" \/>\n<meta property=\"og:type\" content=\"article\" \/>\n<meta property=\"og:title\" content=\"4455 - Rex Kralj\" \/>\n<meta property=\"og:description\" content=\"4455 iz leta 1955 je edinstvena oblikovalska izjava Nika Kralja, ki je bila dale\u010d pred svojim \u010dasom.\" \/>\n<meta property=\"og:url\" content=\"https:\/\/rex-kralj.com\/sl\/kolekcija\/4455-2\/\" \/>\n<meta property=\"og:site_name\" content=\"Rex Kralj\" \/>\n<meta property=\"article:publisher\" content=\"https:\/\/www.facebook.com\/rexkralj\/\" \/>\n<meta property=\"og:image\" content=\"https:\/\/rex-kralj.com\/wp-content\/uploads\/2020\/06\/4455-spread.jpg\" \/>\n\t<meta property=\"og:image:width\" content=\"1920\" \/>\n\t<meta property=\"og:image:height\" content=\"1080\" \/>\n\t<meta property=\"og:image:type\" content=\"image\/jpeg\" \/>\n<meta name=\"twitter:card\" content=\"summary_large_image\" \/>\n<script type=\"application\/ld+json\" class=\"yoast-schema-graph\">{\"@context\":\"https:\\\/\\\/schema.org\",\"@graph\":[{\"@type\":\"WebPage\",\"@id\":\"https:\\\/\\\/rex-kralj.com\\\/sl\\\/kolekcija\\\/4455-2\\\/\",\"url\":\"https:\\\/\\\/rex-kralj.com\\\/sl\\\/kolekcija\\\/4455-2\\\/\",\"name\":\"4455 - Rex Kralj\",\"isPartOf\":{\"@id\":\"https:\\\/\\\/rex-kralj.com\\\/#website\"},\"primaryImageOfPage\":{\"@id\":\"https:\\\/\\\/rex-kralj.com\\\/sl\\\/kolekcija\\\/4455-2\\\/#primaryimage\"},\"image\":{\"@id\":\"https:\\\/\\\/rex-kralj.com\\\/sl\\\/kolekcija\\\/4455-2\\\/#primaryimage\"},\"thumbnailUrl\":\"https:\\\/\\\/rex-kralj.com\\\/wp-content\\\/uploads\\\/2020\\\/06\\\/4455-spread.jpg\",\"datePublished\":\"2024-07-18T11:19:28+00:00\",\"description\":\"4455 iz leta 1955 je edinstvena oblikovalska izjava Nika Kralja, ki je bila dale\u010d pred svojim \u010dasom.\",\"breadcrumb\":{\"@id\":\"https:\\\/\\\/rex-kralj.com\\\/sl\\\/kolekcija\\\/4455-2\\\/#breadcrumb\"},\"inLanguage\":\"sl-SI\",\"potentialAction\":[{\"@type\":\"ReadAction\",\"target\":[\"https:\\\/\\\/rex-kralj.com\\\/sl\\\/kolekcija\\\/4455-2\\\/\"]}]},{\"@type\":\"ImageObject\",\"inLanguage\":\"sl-SI\",\"@id\":\"https:\\\/\\\/rex-kralj.com\\\/sl\\\/kolekcija\\\/4455-2\\\/#primaryimage\",\"url\":\"https:\\\/\\\/rex-kralj.com\\\/wp-content\\\/uploads\\\/2020\\\/06\\\/4455-spread.jpg\",\"contentUrl\":\"https:\\\/\\\/rex-kralj.com\\\/wp-content\\\/uploads\\\/2020\\\/06\\\/4455-spread.jpg\",\"width\":1920,\"height\":1080},{\"@type\":\"BreadcrumbList\",\"@id\":\"https:\\\/\\\/rex-kralj.com\\\/sl\\\/kolekcija\\\/4455-2\\\/#breadcrumb\",\"itemListElement\":[{\"@type\":\"ListItem\",\"position\":1,\"name\":\"Home\",\"item\":\"https:\\\/\\\/rex-kralj.com\\\/sl\\\/\"},{\"@type\":\"ListItem\",\"position\":2,\"name\":\"Kolekcija\",\"item\":\"https:\\\/\\\/rex-kralj.com\\\/collection\\\/\"},{\"@type\":\"ListItem\",\"position\":3,\"name\":\"4455\"}]},{\"@type\":\"WebSite\",\"@id\":\"https:\\\/\\\/rex-kralj.com\\\/#website\",\"url\":\"https:\\\/\\\/rex-kralj.com\\\/\",\"name\":\"Rex Kralj\",\"description\":\"Design That Serves People\",\"potentialAction\":[{\"@type\":\"SearchAction\",\"target\":{\"@type\":\"EntryPoint\",\"urlTemplate\":\"https:\\\/\\\/rex-kralj.com\\\/?s={search_term_string}\"},\"query-input\":{\"@type\":\"PropertyValueSpecification\",\"valueRequired\":true,\"valueName\":\"search_term_string\"}}],\"inLanguage\":\"sl-SI\"}]}<\/script>\n<!-- \/ Yoast SEO plugin. -->","yoast_head_json":{"title":"4455 - Rex Kralj","description":"4455 iz leta 1955 je edinstvena oblikovalska izjava Nika Kralja, ki je bila dale\u010d pred svojim \u010dasom.","robots":{"index":"index","follow":"follow","max-snippet":"max-snippet:-1","max-image-preview":"max-image-preview:large","max-video-preview":"max-video-preview:-1"},"canonical":"https:\/\/rex-kralj.com\/sl\/kolekcija\/4455-2\/","og_locale":"sl_SI","og_type":"article","og_title":"4455 - Rex Kralj","og_description":"4455 iz leta 1955 je edinstvena oblikovalska izjava Nika Kralja, ki je bila dale\u010d pred svojim \u010dasom.","og_url":"https:\/\/rex-kralj.com\/sl\/kolekcija\/4455-2\/","og_site_name":"Rex Kralj","article_publisher":"https:\/\/www.facebook.com\/rexkralj\/","og_image":[{"width":1920,"height":1080,"url":"https:\/\/rex-kralj.com\/wp-content\/uploads\/2020\/06\/4455-spread.jpg","type":"image\/jpeg"}],"twitter_card":"summary_large_image","schema":{"@context":"https:\/\/schema.org","@graph":[{"@type":"WebPage","@id":"https:\/\/rex-kralj.com\/sl\/kolekcija\/4455-2\/","url":"https:\/\/rex-kralj.com\/sl\/kolekcija\/4455-2\/","name":"4455 - Rex Kralj","isPartOf":{"@id":"https:\/\/rex-kralj.com\/#website"},"primaryImageOfPage":{"@id":"https:\/\/rex-kralj.com\/sl\/kolekcija\/4455-2\/#primaryimage"},"image":{"@id":"https:\/\/rex-kralj.com\/sl\/kolekcija\/4455-2\/#primaryimage"},"thumbnailUrl":"https:\/\/rex-kralj.com\/wp-content\/uploads\/2020\/06\/4455-spread.jpg","datePublished":"2024-07-18T11:19:28+00:00","description":"4455 iz leta 1955 je edinstvena oblikovalska izjava Nika Kralja, ki je bila dale\u010d pred svojim \u010dasom.","breadcrumb":{"@id":"https:\/\/rex-kralj.com\/sl\/kolekcija\/4455-2\/#breadcrumb"},"inLanguage":"sl-SI","potentialAction":[{"@type":"ReadAction","target":["https:\/\/rex-kralj.com\/sl\/kolekcija\/4455-2\/"]}]},{"@type":"ImageObject","inLanguage":"sl-SI","@id":"https:\/\/rex-kralj.com\/sl\/kolekcija\/4455-2\/#primaryimage","url":"https:\/\/rex-kralj.com\/wp-content\/uploads\/2020\/06\/4455-spread.jpg","contentUrl":"https:\/\/rex-kralj.com\/wp-content\/uploads\/2020\/06\/4455-spread.jpg","width":1920,"height":1080},{"@type":"BreadcrumbList","@id":"https:\/\/rex-kralj.com\/sl\/kolekcija\/4455-2\/#breadcrumb","itemListElement":[{"@type":"ListItem","position":1,"name":"Home","item":"https:\/\/rex-kralj.com\/sl\/"},{"@type":"ListItem","position":2,"name":"Kolekcija","item":"https:\/\/rex-kralj.com\/collection\/"},{"@type":"ListItem","position":3,"name":"4455"}]},{"@type":"WebSite","@id":"https:\/\/rex-kralj.com\/#website","url":"https:\/\/rex-kralj.com\/","name":"Rex Kralj","description":"Design That Serves People","potentialAction":[{"@type":"SearchAction","target":{"@type":"EntryPoint","urlTemplate":"https:\/\/rex-kralj.com\/?s={search_term_string}"},"query-input":{"@type":"PropertyValueSpecification","valueRequired":true,"valueName":"search_term_string"}}],"inLanguage":"sl-SI"}]}},"_links":{"self":[{"href":"https:\/\/rex-kralj.com\/sl\/wp-json\/wp\/v2\/pages\/5986","targetHints":{"allow":["GET"]}}],"collection":[{"href":"https:\/\/rex-kralj.com\/sl\/wp-json\/wp\/v2\/pages"}],"about":[{"href":"https:\/\/rex-kralj.com\/sl\/wp-json\/wp\/v2\/types\/page"}],"author":[{"embeddable":true,"href":"https:\/\/rex-kralj.com\/sl\/wp-json\/wp\/v2\/users\/1"}],"replies":[{"embeddable":true,"href":"https:\/\/rex-kralj.com\/sl\/wp-json\/wp\/v2\/comments?post=5986"}],"version-history":[{"count":1,"href":"https:\/\/rex-kralj.com\/sl\/wp-json\/wp\/v2\/pages\/5986\/revisions"}],"predecessor-version":[{"id":5987,"href":"https:\/\/rex-kralj.com\/sl\/wp-json\/wp\/v2\/pages\/5986\/revisions\/5987"}],"up":[{"embeddable":true,"href":"https:\/\/rex-kralj.com\/sl\/wp-json\/wp\/v2\/pages\/5985"}],"wp:featuredmedia":[{"embeddable":true,"href":"https:\/\/rex-kralj.com\/sl\/wp-json\/wp\/v2\/media\/4728"}],"wp:attachment":[{"href":"https:\/\/rex-kralj.com\/sl\/wp-json\/wp\/v2\/media?parent=5986"}],"curies":[{"name":"wp","href":"https:\/\/api.w.org\/{rel}","templated":true}]}}