{"id":5755,"date":"2024-07-16T14:11:17","date_gmt":"2024-07-16T13:11:17","guid":{"rendered":"https:\/\/rex-kralj.com\/1960-2\/"},"modified":"2024-07-18T12:17:26","modified_gmt":"2024-07-18T11:17:26","slug":"1960-2","status":"publish","type":"page","link":"https:\/\/rex-kralj.com\/sl\/kolekcija\/1960-2\/","title":{"rendered":"1960"},"content":{"rendered":"\n<h4 class=\"wp-block-heading\">Dru\u017einska linija 1960 temelji na izpolnjujo\u010dem izumu upogibanja lesa v oblike, ki se optimalno prilagajajo \u010dlove\u0161kemu telesu.<\/h4>\n\n\n\n<p>Oblikovanje, ki je osnova serije 1960, ohranja prijetne lastnosti naravnega lesa na otip in ni nikoli iz mode.<\/p>\n\n\n\n<p>Spretno oblikovane obline izvirnega stola Nika Kralja so nas navdihnile, da smo pripravili celotno serijo iz leta 1960, ki izpolnjuje sodobne zahteve po pristnem dizajnu in nezapleteni toplini.<\/p>\n","protected":false},"excerpt":{"rendered":"<p>Dru\u017einska linija 1960 temelji na izpolnjujo\u010dem izumu upogibanja lesa v oblike, ki se optimalno prilagajajo \u010dlove\u0161kemu telesu. Oblikovanje, ki je osnova serije 1960, ohranja prijetne lastnosti naravnega lesa na otip in ni nikoli iz mode. Spretno oblikovane obline izvirnega stola Nika Kralja so nas navdihnile, da smo pripravili celotno serijo iz leta 1960, ki izpolnjuje [&hellip;]<\/p>\n","protected":false},"author":1,"featured_media":4727,"parent":5985,"menu_order":0,"comment_status":"closed","ping_status":"closed","template":"template-collection.php","meta":{"_acf_changed":false,"footnotes":""},"class_list":["post-5755","page","type-page","status-publish","has-post-thumbnail","hentry"],"acf":[],"yoast_head":"<!-- This site is optimized with the Yoast SEO plugin v27.5 - https:\/\/yoast.com\/product\/yoast-seo-wordpress\/ -->\n<title>1960 - Rex Kralj<\/title>\n<meta name=\"description\" content=\"Dru\u017einska linija 1960 temelji na izpolnjujo\u010dem izumu upogibanja lesa v oblike, ki se optimalno prilagajajo \u010dlove\u0161kemu telesu.\" \/>\n<meta name=\"robots\" content=\"index, follow, max-snippet:-1, max-image-preview:large, max-video-preview:-1\" \/>\n<link rel=\"canonical\" href=\"https:\/\/rex-kralj.com\/collection\/1960-collection\/\" \/>\n<meta property=\"og:locale\" content=\"sl_SI\" \/>\n<meta property=\"og:type\" content=\"article\" \/>\n<meta property=\"og:title\" content=\"1960 - Rex Kralj\" \/>\n<meta property=\"og:description\" content=\"Dru\u017einska linija 1960 temelji na izpolnjujo\u010dem izumu upogibanja lesa v oblike, ki se optimalno prilagajajo \u010dlove\u0161kemu telesu.\" \/>\n<meta property=\"og:url\" content=\"https:\/\/rex-kralj.com\/collection\/1960-collection\/\" \/>\n<meta property=\"og:site_name\" content=\"Rex Kralj\" \/>\n<meta property=\"article:publisher\" content=\"https:\/\/www.facebook.com\/rexkralj\/\" \/>\n<meta property=\"article:modified_time\" content=\"2024-07-18T11:17:26+00:00\" \/>\n<meta property=\"og:image\" content=\"https:\/\/rex-kralj.com\/wp-content\/uploads\/2020\/06\/1960-spread.jpg\" \/>\n\t<meta property=\"og:image:width\" content=\"1920\" \/>\n\t<meta property=\"og:image:height\" content=\"1080\" \/>\n\t<meta property=\"og:image:type\" content=\"image\/jpeg\" \/>\n<meta name=\"twitter:card\" content=\"summary_large_image\" \/>\n<meta name=\"twitter:label1\" content=\"Est. reading time\" \/>\n\t<meta name=\"twitter:data1\" content=\"1 minuta\" \/>\n<script type=\"application\/ld+json\" class=\"yoast-schema-graph\">{\"@context\":\"https:\\\/\\\/schema.org\",\"@graph\":[{\"@type\":\"WebPage\",\"@id\":\"https:\\\/\\\/rex-kralj.com\\\/collection\\\/1960-collection\\\/\",\"url\":\"https:\\\/\\\/rex-kralj.com\\\/collection\\\/1960-collection\\\/\",\"name\":\"1960 - Rex Kralj\",\"isPartOf\":{\"@id\":\"https:\\\/\\\/rex-kralj.com\\\/#website\"},\"primaryImageOfPage\":{\"@id\":\"https:\\\/\\\/rex-kralj.com\\\/collection\\\/1960-collection\\\/#primaryimage\"},\"image\":{\"@id\":\"https:\\\/\\\/rex-kralj.com\\\/collection\\\/1960-collection\\\/#primaryimage\"},\"thumbnailUrl\":\"https:\\\/\\\/rex-kralj.com\\\/wp-content\\\/uploads\\\/2020\\\/06\\\/1960-spread.jpg\",\"datePublished\":\"2024-07-16T13:11:17+00:00\",\"dateModified\":\"2024-07-18T11:17:26+00:00\",\"description\":\"Dru\u017einska linija 1960 temelji na izpolnjujo\u010dem izumu upogibanja lesa v oblike, ki se optimalno prilagajajo \u010dlove\u0161kemu telesu.\",\"breadcrumb\":{\"@id\":\"https:\\\/\\\/rex-kralj.com\\\/collection\\\/1960-collection\\\/#breadcrumb\"},\"inLanguage\":\"sl-SI\",\"potentialAction\":[{\"@type\":\"ReadAction\",\"target\":[\"https:\\\/\\\/rex-kralj.com\\\/collection\\\/1960-collection\\\/\"]}]},{\"@type\":\"ImageObject\",\"inLanguage\":\"sl-SI\",\"@id\":\"https:\\\/\\\/rex-kralj.com\\\/collection\\\/1960-collection\\\/#primaryimage\",\"url\":\"https:\\\/\\\/rex-kralj.com\\\/wp-content\\\/uploads\\\/2020\\\/06\\\/1960-spread.jpg\",\"contentUrl\":\"https:\\\/\\\/rex-kralj.com\\\/wp-content\\\/uploads\\\/2020\\\/06\\\/1960-spread.jpg\",\"width\":1920,\"height\":1080},{\"@type\":\"BreadcrumbList\",\"@id\":\"https:\\\/\\\/rex-kralj.com\\\/collection\\\/1960-collection\\\/#breadcrumb\",\"itemListElement\":[{\"@type\":\"ListItem\",\"position\":1,\"name\":\"Home\",\"item\":\"https:\\\/\\\/rex-kralj.com\\\/sl\\\/\"},{\"@type\":\"ListItem\",\"position\":2,\"name\":\"Kolekcija\",\"item\":\"https:\\\/\\\/rex-kralj.com\\\/collection\\\/\"},{\"@type\":\"ListItem\",\"position\":3,\"name\":\"1960\"}]},{\"@type\":\"WebSite\",\"@id\":\"https:\\\/\\\/rex-kralj.com\\\/#website\",\"url\":\"https:\\\/\\\/rex-kralj.com\\\/\",\"name\":\"Rex Kralj\",\"description\":\"Design That Serves People\",\"potentialAction\":[{\"@type\":\"SearchAction\",\"target\":{\"@type\":\"EntryPoint\",\"urlTemplate\":\"https:\\\/\\\/rex-kralj.com\\\/?s={search_term_string}\"},\"query-input\":{\"@type\":\"PropertyValueSpecification\",\"valueRequired\":true,\"valueName\":\"search_term_string\"}}],\"inLanguage\":\"sl-SI\"}]}<\/script>\n<!-- \/ Yoast SEO plugin. -->","yoast_head_json":{"title":"1960 - Rex Kralj","description":"Dru\u017einska linija 1960 temelji na izpolnjujo\u010dem izumu upogibanja lesa v oblike, ki se optimalno prilagajajo \u010dlove\u0161kemu telesu.","robots":{"index":"index","follow":"follow","max-snippet":"max-snippet:-1","max-image-preview":"max-image-preview:large","max-video-preview":"max-video-preview:-1"},"canonical":"https:\/\/rex-kralj.com\/collection\/1960-collection\/","og_locale":"sl_SI","og_type":"article","og_title":"1960 - Rex Kralj","og_description":"Dru\u017einska linija 1960 temelji na izpolnjujo\u010dem izumu upogibanja lesa v oblike, ki se optimalno prilagajajo \u010dlove\u0161kemu telesu.","og_url":"https:\/\/rex-kralj.com\/collection\/1960-collection\/","og_site_name":"Rex Kralj","article_publisher":"https:\/\/www.facebook.com\/rexkralj\/","article_modified_time":"2024-07-18T11:17:26+00:00","og_image":[{"width":1920,"height":1080,"url":"https:\/\/rex-kralj.com\/wp-content\/uploads\/2020\/06\/1960-spread.jpg","type":"image\/jpeg"}],"twitter_card":"summary_large_image","twitter_misc":{"Est. reading time":"1 minuta"},"schema":{"@context":"https:\/\/schema.org","@graph":[{"@type":"WebPage","@id":"https:\/\/rex-kralj.com\/collection\/1960-collection\/","url":"https:\/\/rex-kralj.com\/collection\/1960-collection\/","name":"1960 - Rex Kralj","isPartOf":{"@id":"https:\/\/rex-kralj.com\/#website"},"primaryImageOfPage":{"@id":"https:\/\/rex-kralj.com\/collection\/1960-collection\/#primaryimage"},"image":{"@id":"https:\/\/rex-kralj.com\/collection\/1960-collection\/#primaryimage"},"thumbnailUrl":"https:\/\/rex-kralj.com\/wp-content\/uploads\/2020\/06\/1960-spread.jpg","datePublished":"2024-07-16T13:11:17+00:00","dateModified":"2024-07-18T11:17:26+00:00","description":"Dru\u017einska linija 1960 temelji na izpolnjujo\u010dem izumu upogibanja lesa v oblike, ki se optimalno prilagajajo \u010dlove\u0161kemu telesu.","breadcrumb":{"@id":"https:\/\/rex-kralj.com\/collection\/1960-collection\/#breadcrumb"},"inLanguage":"sl-SI","potentialAction":[{"@type":"ReadAction","target":["https:\/\/rex-kralj.com\/collection\/1960-collection\/"]}]},{"@type":"ImageObject","inLanguage":"sl-SI","@id":"https:\/\/rex-kralj.com\/collection\/1960-collection\/#primaryimage","url":"https:\/\/rex-kralj.com\/wp-content\/uploads\/2020\/06\/1960-spread.jpg","contentUrl":"https:\/\/rex-kralj.com\/wp-content\/uploads\/2020\/06\/1960-spread.jpg","width":1920,"height":1080},{"@type":"BreadcrumbList","@id":"https:\/\/rex-kralj.com\/collection\/1960-collection\/#breadcrumb","itemListElement":[{"@type":"ListItem","position":1,"name":"Home","item":"https:\/\/rex-kralj.com\/sl\/"},{"@type":"ListItem","position":2,"name":"Kolekcija","item":"https:\/\/rex-kralj.com\/collection\/"},{"@type":"ListItem","position":3,"name":"1960"}]},{"@type":"WebSite","@id":"https:\/\/rex-kralj.com\/#website","url":"https:\/\/rex-kralj.com\/","name":"Rex Kralj","description":"Design That Serves People","potentialAction":[{"@type":"SearchAction","target":{"@type":"EntryPoint","urlTemplate":"https:\/\/rex-kralj.com\/?s={search_term_string}"},"query-input":{"@type":"PropertyValueSpecification","valueRequired":true,"valueName":"search_term_string"}}],"inLanguage":"sl-SI"}]}},"_links":{"self":[{"href":"https:\/\/rex-kralj.com\/sl\/wp-json\/wp\/v2\/pages\/5755","targetHints":{"allow":["GET"]}}],"collection":[{"href":"https:\/\/rex-kralj.com\/sl\/wp-json\/wp\/v2\/pages"}],"about":[{"href":"https:\/\/rex-kralj.com\/sl\/wp-json\/wp\/v2\/types\/page"}],"author":[{"embeddable":true,"href":"https:\/\/rex-kralj.com\/sl\/wp-json\/wp\/v2\/users\/1"}],"replies":[{"embeddable":true,"href":"https:\/\/rex-kralj.com\/sl\/wp-json\/wp\/v2\/comments?post=5755"}],"version-history":[{"count":5,"href":"https:\/\/rex-kralj.com\/sl\/wp-json\/wp\/v2\/pages\/5755\/revisions"}],"predecessor-version":[{"id":5984,"href":"https:\/\/rex-kralj.com\/sl\/wp-json\/wp\/v2\/pages\/5755\/revisions\/5984"}],"up":[{"embeddable":true,"href":"https:\/\/rex-kralj.com\/sl\/wp-json\/wp\/v2\/pages\/5985"}],"wp:featuredmedia":[{"embeddable":true,"href":"https:\/\/rex-kralj.com\/sl\/wp-json\/wp\/v2\/media\/4727"}],"wp:attachment":[{"href":"https:\/\/rex-kralj.com\/sl\/wp-json\/wp\/v2\/media?parent=5755"}],"curies":[{"name":"wp","href":"https:\/\/api.w.org\/{rel}","templated":true}]}}