{"id":5735,"date":"2024-07-16T13:35:05","date_gmt":"2024-07-16T12:35:05","guid":{"rendered":"https:\/\/rex-kralj.com\/?page_id=5735"},"modified":"2025-04-29T16:06:44","modified_gmt":"2025-04-29T15:06:44","slug":"domaca-stran","status":"publish","type":"page","link":"https:\/\/rex-kralj.com\/sl\/","title":{"rendered":"Doma\u010da stran"},"content":{"rendered":"\n<p>Podjetje Rex Kralj je bilo ustanovljeno leta 2012. Na\u0161e podjetje se z imenom in slogom poklanja arhitektu Niku Kralju (1920-2013). Zamisel za podjetje se nam je porodila iz strasti, ki prevzame \u010dloveka, ko se prvi\u010d sre\u010da z resni\u010dno osupljivim dizajnom. Prav kultni stol Rex, Nikov najbolj znan izdelek, nas je navdihnil, da smo ustanovili svojo blagovno znamko ob globokem spo\u0161tovanju zapu\u0161\u010dine oblikovalskih na\u010del, ki jih je postavil Kralj.<\/p>\n","protected":false},"excerpt":{"rendered":"<p>Podjetje Rex Kralj je bilo ustanovljeno leta 2012. Na\u0161e podjetje se z imenom in slogom poklanja arhitektu Niku Kralju (1920-2013). Zamisel za podjetje se nam je porodila iz strasti, ki prevzame \u010dloveka, ko se prvi\u010d sre\u010da z resni\u010dno osupljivim dizajnom. Prav kultni stol Rex, Nikov najbolj znan izdelek, nas je navdihnil, da smo ustanovili svojo [&hellip;]<\/p>\n","protected":false},"author":14,"featured_media":0,"parent":0,"menu_order":0,"comment_status":"closed","ping_status":"closed","template":"template-homepage.php","meta":{"_acf_changed":false,"footnotes":""},"class_list":["post-5735","page","type-page","status-publish","hentry"],"acf":[],"yoast_head":"<!-- This site is optimized with the Yoast SEO plugin v27.4 - https:\/\/yoast.com\/product\/yoast-seo-wordpress\/ -->\n<title>Doma\u010da stran - Rex Kralj<\/title>\n<meta name=\"description\" content=\"Podjetje Rex Kralj je bilo ustanovljeno leta 2012. Na\u0161e podjetje se z imenom in slogom poklanja arhitektu Niku Kralju (1920-2013).\" \/>\n<meta name=\"robots\" content=\"index, follow, max-snippet:-1, max-image-preview:large, max-video-preview:-1\" \/>\n<link rel=\"canonical\" href=\"https:\/\/rex-kralj.com\/sl\/\" \/>\n<meta property=\"og:locale\" content=\"sl_SI\" \/>\n<meta property=\"og:type\" content=\"article\" \/>\n<meta property=\"og:title\" content=\"Doma\u010da stran - Rex Kralj\" \/>\n<meta property=\"og:description\" content=\"Podjetje Rex Kralj je bilo ustanovljeno leta 2012. Na\u0161e podjetje se z imenom in slogom poklanja arhitektu Niku Kralju (1920-2013).\" \/>\n<meta property=\"og:url\" content=\"https:\/\/rex-kralj.com\/sl\/\" \/>\n<meta property=\"og:site_name\" content=\"Rex Kralj\" \/>\n<meta property=\"article:publisher\" content=\"https:\/\/www.facebook.com\/rexkralj\/\" \/>\n<meta property=\"article:modified_time\" content=\"2025-04-29T15:06:44+00:00\" \/>\n<meta property=\"og:image\" content=\"https:\/\/rex-kralj.com\/wp-content\/uploads\/2020\/06\/facebook-1.jpg\" \/>\n\t<meta property=\"og:image:width\" content=\"1200\" \/>\n\t<meta property=\"og:image:height\" content=\"600\" \/>\n\t<meta property=\"og:image:type\" content=\"image\/jpeg\" \/>\n<meta name=\"twitter:card\" content=\"summary_large_image\" \/>\n<meta name=\"twitter:label1\" content=\"Est. reading time\" \/>\n\t<meta name=\"twitter:data1\" content=\"1 minuta\" \/>\n<script type=\"application\/ld+json\" class=\"yoast-schema-graph\">{\"@context\":\"https:\\\/\\\/schema.org\",\"@graph\":[{\"@type\":\"WebPage\",\"@id\":\"https:\\\/\\\/rex-kralj.com\\\/sl\\\/\",\"url\":\"https:\\\/\\\/rex-kralj.com\\\/sl\\\/\",\"name\":\"Doma\u010da stran - Rex Kralj\",\"isPartOf\":{\"@id\":\"https:\\\/\\\/rex-kralj.com\\\/#website\"},\"datePublished\":\"2024-07-16T12:35:05+00:00\",\"dateModified\":\"2025-04-29T15:06:44+00:00\",\"description\":\"Podjetje Rex Kralj je bilo ustanovljeno leta 2012. Na\u0161e podjetje se z imenom in slogom poklanja arhitektu Niku Kralju (1920-2013).\",\"breadcrumb\":{\"@id\":\"https:\\\/\\\/rex-kralj.com\\\/sl\\\/#breadcrumb\"},\"inLanguage\":\"sl-SI\",\"potentialAction\":[{\"@type\":\"ReadAction\",\"target\":[\"https:\\\/\\\/rex-kralj.com\\\/sl\\\/\"]}]},{\"@type\":\"BreadcrumbList\",\"@id\":\"https:\\\/\\\/rex-kralj.com\\\/sl\\\/#breadcrumb\",\"itemListElement\":[{\"@type\":\"ListItem\",\"position\":1,\"name\":\"Home\",\"item\":\"https:\\\/\\\/rex-kralj.com\\\/sl\\\/\"},{\"@type\":\"ListItem\",\"position\":2,\"name\":\"Doma\u010da stran\"}]},{\"@type\":\"WebSite\",\"@id\":\"https:\\\/\\\/rex-kralj.com\\\/#website\",\"url\":\"https:\\\/\\\/rex-kralj.com\\\/\",\"name\":\"Rex Kralj\",\"description\":\"Design That Serves People\",\"potentialAction\":[{\"@type\":\"SearchAction\",\"target\":{\"@type\":\"EntryPoint\",\"urlTemplate\":\"https:\\\/\\\/rex-kralj.com\\\/?s={search_term_string}\"},\"query-input\":{\"@type\":\"PropertyValueSpecification\",\"valueRequired\":true,\"valueName\":\"search_term_string\"}}],\"inLanguage\":\"sl-SI\"}]}<\/script>\n<!-- \/ Yoast SEO plugin. -->","yoast_head_json":{"title":"Doma\u010da stran - Rex Kralj","description":"Podjetje Rex Kralj je bilo ustanovljeno leta 2012. Na\u0161e podjetje se z imenom in slogom poklanja arhitektu Niku Kralju (1920-2013).","robots":{"index":"index","follow":"follow","max-snippet":"max-snippet:-1","max-image-preview":"max-image-preview:large","max-video-preview":"max-video-preview:-1"},"canonical":"https:\/\/rex-kralj.com\/sl\/","og_locale":"sl_SI","og_type":"article","og_title":"Doma\u010da stran - Rex Kralj","og_description":"Podjetje Rex Kralj je bilo ustanovljeno leta 2012. Na\u0161e podjetje se z imenom in slogom poklanja arhitektu Niku Kralju (1920-2013).","og_url":"https:\/\/rex-kralj.com\/sl\/","og_site_name":"Rex Kralj","article_publisher":"https:\/\/www.facebook.com\/rexkralj\/","article_modified_time":"2025-04-29T15:06:44+00:00","og_image":[{"width":1200,"height":600,"url":"https:\/\/rex-kralj.com\/wp-content\/uploads\/2020\/06\/facebook-1.jpg","type":"image\/jpeg"}],"twitter_card":"summary_large_image","twitter_misc":{"Est. reading time":"1 minuta"},"schema":{"@context":"https:\/\/schema.org","@graph":[{"@type":"WebPage","@id":"https:\/\/rex-kralj.com\/sl\/","url":"https:\/\/rex-kralj.com\/sl\/","name":"Doma\u010da stran - Rex Kralj","isPartOf":{"@id":"https:\/\/rex-kralj.com\/#website"},"datePublished":"2024-07-16T12:35:05+00:00","dateModified":"2025-04-29T15:06:44+00:00","description":"Podjetje Rex Kralj je bilo ustanovljeno leta 2012. Na\u0161e podjetje se z imenom in slogom poklanja arhitektu Niku Kralju (1920-2013).","breadcrumb":{"@id":"https:\/\/rex-kralj.com\/sl\/#breadcrumb"},"inLanguage":"sl-SI","potentialAction":[{"@type":"ReadAction","target":["https:\/\/rex-kralj.com\/sl\/"]}]},{"@type":"BreadcrumbList","@id":"https:\/\/rex-kralj.com\/sl\/#breadcrumb","itemListElement":[{"@type":"ListItem","position":1,"name":"Home","item":"https:\/\/rex-kralj.com\/sl\/"},{"@type":"ListItem","position":2,"name":"Doma\u010da stran"}]},{"@type":"WebSite","@id":"https:\/\/rex-kralj.com\/#website","url":"https:\/\/rex-kralj.com\/","name":"Rex Kralj","description":"Design That Serves People","potentialAction":[{"@type":"SearchAction","target":{"@type":"EntryPoint","urlTemplate":"https:\/\/rex-kralj.com\/?s={search_term_string}"},"query-input":{"@type":"PropertyValueSpecification","valueRequired":true,"valueName":"search_term_string"}}],"inLanguage":"sl-SI"}]}},"_links":{"self":[{"href":"https:\/\/rex-kralj.com\/sl\/wp-json\/wp\/v2\/pages\/5735","targetHints":{"allow":["GET"]}}],"collection":[{"href":"https:\/\/rex-kralj.com\/sl\/wp-json\/wp\/v2\/pages"}],"about":[{"href":"https:\/\/rex-kralj.com\/sl\/wp-json\/wp\/v2\/types\/page"}],"author":[{"embeddable":true,"href":"https:\/\/rex-kralj.com\/sl\/wp-json\/wp\/v2\/users\/14"}],"replies":[{"embeddable":true,"href":"https:\/\/rex-kralj.com\/sl\/wp-json\/wp\/v2\/comments?post=5735"}],"version-history":[{"count":12,"href":"https:\/\/rex-kralj.com\/sl\/wp-json\/wp\/v2\/pages\/5735\/revisions"}],"predecessor-version":[{"id":6120,"href":"https:\/\/rex-kralj.com\/sl\/wp-json\/wp\/v2\/pages\/5735\/revisions\/6120"}],"wp:attachment":[{"href":"https:\/\/rex-kralj.com\/sl\/wp-json\/wp\/v2\/media?parent=5735"}],"curies":[{"name":"wp","href":"https:\/\/api.w.org\/{rel}","templated":true}]}}